{"id":1363,"date":"2021-01-11T14:29:38","date_gmt":"2021-01-11T13:29:38","guid":{"rendered":"https:\/\/foreverdirect.euover-ons\/extra\/"},"modified":"2025-12-18T16:33:51","modified_gmt":"2025-12-18T15:33:51","slug":"extra","status":"publish","type":"page","link":"https:\/\/www.foreverdirect.eu\/en\/?page_id=1363","title":{"rendered":"Extra"},"content":{"rendered":"\n<style type=\"text\/css\" data-created_by=\"avia_inline_auto\" id=\"style-css-av-dxwsf-4bc95ff78109aa960c93364a67ec2fef\">\n.flex_column.av-dxwsf-4bc95ff78109aa960c93364a67ec2fef{\nborder-radius:0px 0px 0px 0px;\n-webkit-border-radius:0px 0px 0px 0px;\n-moz-border-radius:0px 0px 0px 0px;\n}\n<\/style>\n<div class='flex_column av-dxwsf-4bc95ff78109aa960c93364a67ec2fef av_one_full  avia-builder-el-0  el_before_av_one_half  avia-builder-el-first  first flex_column_div av-zero-column-padding '   ><style type=\"text\/css\" data-created_by=\"avia_inline_auto\" id=\"style-css-av-kihe0kyx-3bcb5512f4f3da1e53b82ad6aae303c6\">\n.avia-image-container.av-kihe0kyx-3bcb5512f4f3da1e53b82ad6aae303c6 .av-caption-image-overlay-bg{\nopacity:0;\nbackground-color:#0a0000;\n}\n.avia-image-container.av-kihe0kyx-3bcb5512f4f3da1e53b82ad6aae303c6 .av-image-caption-overlay-center{\ncolor:#0a0000;\nfont-size:60px;\n}\n<\/style>\n<div  class='avia-image-container av-kihe0kyx-3bcb5512f4f3da1e53b82ad6aae303c6 av-styling-no-styling avia-align-center  avia-builder-el-1  el_before_av_image  avia-builder-el-first  noHover av-overlay-hover-deactivate'  itemprop=\"image\" itemscope=\"itemscope\" itemtype=\"https:\/\/schema.org\/ImageObject\" ><div class=\"avia-image-container-inner\"><div class=\"avia-image-overlay-wrap\"><div class=\"av-image-caption-overlay\"><div class=\"av-caption-image-overlay-bg\"><\/div><div class=\"av-image-caption-overlay-position\"><div class=\"av-image-caption-overlay-center\"><p>350 basisproducten<\/p>\n<\/div><\/div><\/div><img class='wp-image-695 avia-img-lazy-loading-not-695 avia_image' src=\"https:\/\/www.foreverdirect.eu\/en\/wp-content\/uploads\/2021\/01\/SJ_FLP_843_Longbridge_0090-scaled.jpg\" alt='' title='SJ_FLP_843_Longbridge_0090'  height=\"1708\" width=\"2560\"  itemprop=\"thumbnailUrl\" srcset=\"https:\/\/www.foreverdirect.eu\/en\/wp-content\/uploads\/2021\/01\/SJ_FLP_843_Longbridge_0090-scaled.jpg 2560w, https:\/\/www.foreverdirect.eu\/en\/wp-content\/uploads\/2021\/01\/SJ_FLP_843_Longbridge_0090-300x200.jpg 300w, https:\/\/www.foreverdirect.eu\/en\/wp-content\/uploads\/2021\/01\/SJ_FLP_843_Longbridge_0090-1030x687.jpg 1030w, https:\/\/www.foreverdirect.eu\/en\/wp-content\/uploads\/2021\/01\/SJ_FLP_843_Longbridge_0090-768x513.jpg 768w, https:\/\/www.foreverdirect.eu\/en\/wp-content\/uploads\/2021\/01\/SJ_FLP_843_Longbridge_0090-1536x1025.jpg 1536w, https:\/\/www.foreverdirect.eu\/en\/wp-content\/uploads\/2021\/01\/SJ_FLP_843_Longbridge_0090-2048x1367.jpg 2048w, https:\/\/www.foreverdirect.eu\/en\/wp-content\/uploads\/2021\/01\/SJ_FLP_843_Longbridge_0090-1500x1001.jpg 1500w, https:\/\/www.foreverdirect.eu\/en\/wp-content\/uploads\/2021\/01\/SJ_FLP_843_Longbridge_0090-705x470.jpg 705w\" sizes=\"(max-width: 2560px) 100vw, 2560px\" \/><\/div><\/div><\/div><\/div>\n\n<style type=\"text\/css\" data-created_by=\"avia_inline_auto\" id=\"style-css-av-fkh8l-ce59ef1bb46a4296f2da2020afa701a2\">\n.flex_column.av-fkh8l-ce59ef1bb46a4296f2da2020afa701a2{\nborder-radius:0px 0px 0px 0px;\n-webkit-border-radius:0px 0px 0px 0px;\n-moz-border-radius:0px 0px 0px 0px;\n}\n<\/style>\n<div class='flex_column av-fkh8l-ce59ef1bb46a4296f2da2020afa701a2 av_one_half first flex_column_div av-zero-column-padding '   ><style type=\"text\/css\" data-created_by=\"avia_inline_auto\" id=\"style-css-av-kjslybhd-28b674f921544078adb3bd97b6f830f1\">\n.avia-image-container.av-kjslybhd-28b674f921544078adb3bd97b6f830f1 .av-image-caption-overlay-center{\ncolor:#ffffff;\n}\n<\/style>\n<div  class='avia-image-container av-kjslybhd-28b674f921544078adb3bd97b6f830f1 av-styling- avia-align-center  avia-builder-el-2  el_after_av_image  avia-builder-el-last '  itemprop=\"image\" itemscope=\"itemscope\" itemtype=\"https:\/\/schema.org\/ImageObject\" ><div class=\"avia-image-container-inner\"><div class=\"avia-image-overlay-wrap\"><img class='wp-image-705 avia-img-lazy-loading-not-705 avia_image' src=\"https:\/\/www.foreverdirect.eu\/en\/wp-content\/uploads\/2021\/01\/SJ_FLP_843_Longbridge_0095-1030x687.jpg\" alt='' title='SJ_FLP_843_Longbridge_0095'  height=\"687\" width=\"1030\"  itemprop=\"thumbnailUrl\" srcset=\"https:\/\/www.foreverdirect.eu\/en\/wp-content\/uploads\/2021\/01\/SJ_FLP_843_Longbridge_0095-1030x687.jpg 1030w, https:\/\/www.foreverdirect.eu\/en\/wp-content\/uploads\/2021\/01\/SJ_FLP_843_Longbridge_0095-300x200.jpg 300w, https:\/\/www.foreverdirect.eu\/en\/wp-content\/uploads\/2021\/01\/SJ_FLP_843_Longbridge_0095-768x513.jpg 768w, https:\/\/www.foreverdirect.eu\/en\/wp-content\/uploads\/2021\/01\/SJ_FLP_843_Longbridge_0095-1536x1025.jpg 1536w, https:\/\/www.foreverdirect.eu\/en\/wp-content\/uploads\/2021\/01\/SJ_FLP_843_Longbridge_0095-2048x1367.jpg 2048w, https:\/\/www.foreverdirect.eu\/en\/wp-content\/uploads\/2021\/01\/SJ_FLP_843_Longbridge_0095-1500x1001.jpg 1500w, https:\/\/www.foreverdirect.eu\/en\/wp-content\/uploads\/2021\/01\/SJ_FLP_843_Longbridge_0095-705x471.jpg 705w\" sizes=\"(max-width: 1030px) 100vw, 1030px\" \/><\/div><\/div><\/div><\/div>\n\n<style type=\"text\/css\" data-created_by=\"avia_inline_auto\" id=\"style-css-av-7wb3x-ed34a44fb9c1ccbcf3ed92bf6ebb1aa5\">\n.flex_column.av-7wb3x-ed34a44fb9c1ccbcf3ed92bf6ebb1aa5{\nborder-radius:0px 0px 0px 0px;\n-webkit-border-radius:0px 0px 0px 0px;\n-moz-border-radius:0px 0px 0px 0px;\n}\n<\/style>\n<div class='flex_column av-7wb3x-ed34a44fb9c1ccbcf3ed92bf6ebb1aa5 av_one_half  avia-builder-el-3  el_after_av_one_full  el_before_av_one_half  flex_column_div av-zero-column-padding '   ><style type=\"text\/css\" data-created_by=\"avia_inline_auto\" id=\"style-css-av-kjslyo13-d5e4a83c2e9c1afb4ea868872d989272\">\n.avia-image-container.av-kjslyo13-d5e4a83c2e9c1afb4ea868872d989272 .av-image-caption-overlay-center{\ncolor:#ffffff;\n}\n<\/style>\n<div  class='avia-image-container av-kjslyo13-d5e4a83c2e9c1afb4ea868872d989272 av-styling- avia-align-center  avia-builder-el-4  avia-builder-el-no-sibling '  itemprop=\"image\" itemscope=\"itemscope\" itemtype=\"https:\/\/schema.org\/ImageObject\" ><div class=\"avia-image-container-inner\"><div class=\"avia-image-overlay-wrap\"><img class='wp-image-707 avia-img-lazy-loading-not-707 avia_image' src=\"https:\/\/www.foreverdirect.eu\/en\/wp-content\/uploads\/2021\/01\/SJ_FLP_843_Longbridge_0096-1030x687.jpg\" alt='' title='SJ_FLP_843_Longbridge_0096'  height=\"687\" width=\"1030\"  itemprop=\"thumbnailUrl\" srcset=\"https:\/\/www.foreverdirect.eu\/en\/wp-content\/uploads\/2021\/01\/SJ_FLP_843_Longbridge_0096-1030x687.jpg 1030w, https:\/\/www.foreverdirect.eu\/en\/wp-content\/uploads\/2021\/01\/SJ_FLP_843_Longbridge_0096-300x200.jpg 300w, https:\/\/www.foreverdirect.eu\/en\/wp-content\/uploads\/2021\/01\/SJ_FLP_843_Longbridge_0096-768x513.jpg 768w, https:\/\/www.foreverdirect.eu\/en\/wp-content\/uploads\/2021\/01\/SJ_FLP_843_Longbridge_0096-1536x1025.jpg 1536w, https:\/\/www.foreverdirect.eu\/en\/wp-content\/uploads\/2021\/01\/SJ_FLP_843_Longbridge_0096-2048x1367.jpg 2048w, https:\/\/www.foreverdirect.eu\/en\/wp-content\/uploads\/2021\/01\/SJ_FLP_843_Longbridge_0096-1500x1001.jpg 1500w, https:\/\/www.foreverdirect.eu\/en\/wp-content\/uploads\/2021\/01\/SJ_FLP_843_Longbridge_0096-705x471.jpg 705w\" sizes=\"(max-width: 1030px) 100vw, 1030px\" \/><\/div><\/div><\/div><\/div>\n\n<style type=\"text\/css\" data-created_by=\"avia_inline_auto\" id=\"style-css-av-av_one_full-79ff81c021393065cee878051452f6a6\">\n.flex_column.av-av_one_full-79ff81c021393065cee878051452f6a6{\nborder-radius:0px 0px 0px 0px;\n-webkit-border-radius:0px 0px 0px 0px;\n-moz-border-radius:0px 0px 0px 0px;\n}\n<\/style>\n<div class='flex_column av-av_one_full-79ff81c021393065cee878051452f6a6 av_one_full first flex_column_div av-zero-column-padding '   ><style type=\"text\/css\" data-created_by=\"avia_inline_auto\" id=\"style-css-av-kjsm2v4f-ea43b0c46e3a117a03eb086c3aafc289\">\n#top .av_textblock_section.av-kjsm2v4f-ea43b0c46e3a117a03eb086c3aafc289 .avia_textblock{\nfont-size:19px;\ncolor:#ffffff;\n}\n<\/style>\n<section  class='av_textblock_section av-kjsm2v4f-ea43b0c46e3a117a03eb086c3aafc289'  itemscope=\"itemscope\" itemtype=\"https:\/\/schema.org\/CreativeWork\" ><div class='avia_textblock av_inherit_color'  itemprop=\"text\" ><p style=\"text-align: center; font-family:helveticaNeue-regular;\">De Alo\u00eb Vera plant is de basis voor een breed assortiment van inmiddels 350 producten<br \/>\ndie door ons moederbedrijf Forever Living Products worden geproduceerd. Onze producten worden gemaakt van het meest waardevolle alo\u00eb vera soort voor de mens: de Barbadensis Miller. De pure alo\u00eb vera gel van dit ras wordt handmatig uit elk blad gefileerd. Zo zorgen wij ervoor dat we enkel de hoogste kwaliteit alo\u00eb vera gel in onze producten gebruiken.<\/p>\n<p style=\"text-align: center;\">Alo\u00eb vera heeft krachtige voordelen die helpen er beter uit te zien en je beter te voelen. Van het ondersteunen bij de spijsvertering en het bevorderen van natuurlijke energie tot aan het kalmeren en verzorgen van de huid dankzij onze vitamine C rijke Aloe Vera Gel. Pure alo\u00eb vera gel is de kern van alles wat we bij Forever doen.<\/p>\n<\/div><\/section><\/div>\n","protected":false},"excerpt":{"rendered":"","protected":false},"author":1,"featured_media":0,"parent":1360,"menu_order":0,"comment_status":"closed","ping_status":"closed","template":"","meta":[],"_links":{"self":[{"href":"https:\/\/www.foreverdirect.eu\/en\/index.php?rest_route=\/wp\/v2\/pages\/1363"}],"collection":[{"href":"https:\/\/www.foreverdirect.eu\/en\/index.php?rest_route=\/wp\/v2\/pages"}],"about":[{"href":"https:\/\/www.foreverdirect.eu\/en\/index.php?rest_route=\/wp\/v2\/types\/page"}],"author":[{"embeddable":true,"href":"https:\/\/www.foreverdirect.eu\/en\/index.php?rest_route=\/wp\/v2\/users\/1"}],"replies":[{"embeddable":true,"href":"https:\/\/www.foreverdirect.eu\/en\/index.php?rest_route=%2Fwp%2Fv2%2Fcomments&post=1363"}],"version-history":[{"count":1,"href":"https:\/\/www.foreverdirect.eu\/en\/index.php?rest_route=\/wp\/v2\/pages\/1363\/revisions"}],"predecessor-version":[{"id":1364,"href":"https:\/\/www.foreverdirect.eu\/en\/index.php?rest_route=\/wp\/v2\/pages\/1363\/revisions\/1364"}],"up":[{"embeddable":true,"href":"https:\/\/www.foreverdirect.eu\/en\/index.php?rest_route=\/wp\/v2\/pages\/1360"}],"wp:attachment":[{"href":"https:\/\/www.foreverdirect.eu\/en\/index.php?rest_route=%2Fwp%2Fv2%2Fmedia&parent=1363"}],"curies":[{"name":"wp","href":"https:\/\/api.w.org\/{rel}","templated":true}]}}